{"id":225,"date":"2013-12-04T19:07:40","date_gmt":"2013-12-04T13:07:40","guid":{"rendered":"http:\/\/www.pacogimenez.com\/?page_id=225"},"modified":"2020-04-30T10:32:00","modified_gmt":"2020-04-30T10:32:00","slug":"curriculum","status":"publish","type":"page","link":"https:\/\/www.pacogimenez.com\/en\/curriculum\/","title":{"rendered":"Curriculum"},"content":{"rendered":"<p>Born in Valencia in 1954. Self-taught. In 1974 he began his professional career as an <strong>illustrator and graphic designer<\/strong>. Since 1982 her work mainly focuses on child and youth sector: tales and novels, instructional materials, games and instructional activity booklets, interactive CD-ROMs, comic strips, posters, exhibitions, round-table conferences, conferences, workshops and encounters for reading encouraging at schools and libraries\u2026 Usually forms tandem with the writer Carles Cano.<br \/>\u00b7 As well as some comics, He has individually<strong> illustrated 125 books<\/strong> and instructional materials. He has also <strong>designed 50 books<\/strong>, 17 of which are collections, <strong>36 posters<\/strong> and <strong>28 brands<\/strong>.<\/p>\n<p>\u00b7 He has won several awards, including: \u201c<strong>Lazarillo Award<\/strong>\u201d in 1989 by The Ministry of Culture for <em>Story of a recipe<\/em> (Anaya Publishing House). \u201c<strong>Award for best illustrated book in Valencia 2002<\/strong>\u201d by the Valencian Autonomous Government for <em>The two giants of Sant Marcel\u00b7l\u00ed<\/em> (Denes Publishing House). And his work <em>\u00bfIn what do white and black differ?<\/em> (Aura Comunicaci\u00f3 Publishing House) was selected \u201c<strong>Withe Raven<\/strong>\u201d by the Juguend Bibliothek of Munich in 1996; <strong>&#8220;Price for the edited book of 2013&#8221;<\/strong> of the Valencian Autonamous Governement for <em>Diverse and dispersed conversos and perverse verses ot the universes<\/em>; <strong>&#8220;National Illustration Award for Career 2019&#8221;<\/strong>, of the Ministry of Culture and Sports.<\/p>\n<p>\u00b7 He has participated in the most important professional exhibitions in the industry, including: <strong><em>Bratislava illustration Biennial<\/em><\/strong>, 1989, 1991 and 2009. BIB, IBBY (International Board on Books for Young People).<em><strong> Full Colour<\/strong>. 23 Spanish illustrators of children and juvenile books<\/em>, Ministry of Culture, 1989-1991, 2000. <em><strong>Story and Figure<\/strong>. Spanish illustrators of children and juvenile books<\/em>, Ministry of Culture, 1996. <em><strong>Most illustrious<\/strong>. Outlook of children and juvenile illustration<\/em>, Bologna 2005, Ministry of Culture. <strong><em>Europe un r\u00eave graphique<\/em><\/strong>, Charles Perrault International Institute. <strong><em>Kipling illustrated<\/em><\/strong>, Valencian Museum of illustration and Modernity (MuVIM), 2011.<\/p>\n<p>\u00b7 He has lectured in art schools and he has participated in <strong>round-table<\/strong> <strong>conferences<\/strong> related to professional issues. He has also <strong>organized seminars<\/strong> and has advised congresses and professional exhibitions.<\/p>\n<p>\u00b7 He has participated as a <strong>juror<\/strong> in several illustration awards, including: \u201cTombatosals\u201d, by Tandem Publishing House- Castell\u00f3n City Council. \u201cSambori\u201d, by the Sambori Foundation. \u201cNational of illustration\u201d, by the Ministry of Culture. \u201cFor the best edited books\u201d by the Valencian Autonomous Government.<\/p>\n<p>\u00b7 He has been co-founder, president and vice president of the Professional Association of Illustrators of Valencia and co-founder and secretary of the Federation of Associations of Professional Illustrators.<br \/>\u00a0<br \/><strong>CLIENTS<\/strong><\/p>\n<p>\u00b7 <strong>Publishing Houses<\/strong>: Emp\u00faries, La Magrana, Eliseu Climent (3 i 4 Publising House), La Galera, Teide, Anaya, Aliorna, Aura Comunicaci\u00f3n, Lumen, Edeb\u00e9, Vicens Vives, Bromera, Bullent, Tabarca, T\u00e0ndem, Lumen-Unicef, Aliorna, Marjal, Denes, Baula-Edelvives, Planeta &amp; Oxford, Perif\u00e8ric, Ediciones SM, Fundaci\u00f3 Sambori&#8230;<\/p>\n<p>\u00b7 <strong>Press<\/strong>: El Temps, Diario de Valencia, Hoja del Lunes, Cuadernos de Pedagog\u00eda, CLIJ, M\u00e9todos de informaci\u00f3n, Magazine, Cuadernos Gitanos, Bloc&#8230;<\/p>\n<p>\u00b7 <strong>Entities<\/strong>: <span class=\"tlid-translation translation\" lang=\"en\"><span class=\"\" title=\"\">Valencia Cinema Show, Theaters of the Valencia Provincial Council, the Department of Culture, Education and Science, the Valencian Library, Valencia Metro, the Bancaixa Foundation, the Government of Catalonia, the Government of Catalonia, the Valencian Institute of Modern Art,<\/span> <span class=\"\" title=\"\">Sindicatura de Comptes, Valencian Comunity Investiments-Spain, Museu Valenci\u00e0 de la Ilustraci\u00f3 i de la Modernitat, Association of Teachers with Gypsies, Associaci\u00f3 d&#8217;Editors del Pa\u00eds Valenci\u00e0 &#8230;<\/span><\/span><\/p>\n<p>\u00b7 <strong>Companies<\/strong>: Mapfre Hogar, Nao Collections (Lladr\u00f3), National Network of Spanish Railwais RENFE-Adif&#8230;<\/p>\n<p>\u00b7 <strong>Agencies and studies<\/strong>: Canut y Bardina, Publipres, MCM, Interalas, Troppo, Tangram, Comas, MMB Marketing, Juan Nava, Bel\u00e9n Pay\u00e1, MacDiego, Estudi ARO&#8230;<\/p>\n\n\n<p><\/p>","protected":false},"excerpt":{"rendered":"<p>Born in Valencia in 1954. Self-taught. In 1974 he began his professional career as an illustrator and graphic designer. Since 1982 her work mainly focuses on child and youth sector: tales and novels, instructional materials, games and instructional activity booklets, interactive CD-ROMs, comic strips, posters, exhibitions, round-table conferences, conferences, workshops and encounters for reading encouraging&#8230;<\/p>\n","protected":false},"author":1,"featured_media":0,"parent":0,"menu_order":0,"comment_status":"closed","ping_status":"closed","template":"","meta":{"_monsterinsights_skip_tracking":false,"_monsterinsights_sitenote_active":false,"_monsterinsights_sitenote_note":"","_monsterinsights_sitenote_category":0,"footnotes":""},"class_list":["post-225","page","type-page","status-publish","hentry"],"yoast_head":"<!-- This site is optimized with the Yoast SEO plugin v27.2 - https:\/\/yoast.com\/product\/yoast-seo-wordpress\/ -->\n<title>Curriculum<\/title>\n<meta name=\"description\" content=\"Curriculum de Paco Gim\u00e9nez, ilustraci\u00f3n y dise\u00f1o\" \/>\n<meta name=\"robots\" content=\"index, follow, max-snippet:-1, max-image-preview:large, max-video-preview:-1\" \/>\n<link rel=\"canonical\" href=\"https:\/\/www.pacogimenez.com\/curriculum\/\" \/>\n<meta property=\"og:locale\" content=\"en_US\" \/>\n<meta property=\"og:type\" content=\"article\" \/>\n<meta property=\"og:title\" content=\"Curriculum\" \/>\n<meta property=\"og:description\" content=\"Curriculum de Paco Gim\u00e9nez, ilustraci\u00f3n y dise\u00f1o\" \/>\n<meta property=\"og:url\" content=\"https:\/\/www.pacogimenez.com\/curriculum\/\" \/>\n<meta property=\"og:site_name\" content=\"(Espa\u00f1ol) Paco Gim\u00e9nez\" \/>\n<meta property=\"article:modified_time\" content=\"2020-04-30T10:32:00+00:00\" \/>\n<meta name=\"twitter:label1\" content=\"Est. reading time\" \/>\n\t<meta name=\"twitter:data1\" content=\"8 minutes\" \/>\n<script type=\"application\/ld+json\" class=\"yoast-schema-graph\">{\"@context\":\"https:\/\/schema.org\",\"@graph\":[{\"@type\":\"WebPage\",\"@id\":\"https:\/\/www.pacogimenez.com\/curriculum\/\",\"url\":\"https:\/\/www.pacogimenez.com\/curriculum\/\",\"name\":\"Curriculum\",\"isPartOf\":{\"@id\":\"https:\/\/www.pacogimenez.com\/#website\"},\"datePublished\":\"2013-12-04T13:07:40+00:00\",\"dateModified\":\"2020-04-30T10:32:00+00:00\",\"description\":\"Curriculum de Paco Gim\u00e9nez, ilustraci\u00f3n y dise\u00f1o\",\"inLanguage\":\"en-US\",\"potentialAction\":[{\"@type\":\"ReadAction\",\"target\":[\"https:\/\/www.pacogimenez.com\/curriculum\/\"]}]},{\"@type\":\"WebSite\",\"@id\":\"https:\/\/www.pacogimenez.com\/#website\",\"url\":\"https:\/\/www.pacogimenez.com\/\",\"name\":\"(Espa\u00f1ol) Paco Gim\u00e9nez\",\"description\":\"(Espa\u00f1ol) Paco Gim\u00e9nez\",\"potentialAction\":[{\"@type\":\"SearchAction\",\"target\":{\"@type\":\"EntryPoint\",\"urlTemplate\":\"https:\/\/www.pacogimenez.com\/?s={search_term_string}\"},\"query-input\":{\"@type\":\"PropertyValueSpecification\",\"valueRequired\":true,\"valueName\":\"search_term_string\"}}],\"inLanguage\":\"en-US\"}]}<\/script>\n<!-- \/ Yoast SEO plugin. -->","yoast_head_json":{"title":"Curriculum","description":"Curriculum de Paco Gim\u00e9nez, ilustraci\u00f3n y dise\u00f1o","robots":{"index":"index","follow":"follow","max-snippet":"max-snippet:-1","max-image-preview":"max-image-preview:large","max-video-preview":"max-video-preview:-1"},"canonical":"https:\/\/www.pacogimenez.com\/curriculum\/","og_locale":"en_US","og_type":"article","og_title":"Curriculum","og_description":"Curriculum de Paco Gim\u00e9nez, ilustraci\u00f3n y dise\u00f1o","og_url":"https:\/\/www.pacogimenez.com\/curriculum\/","og_site_name":"(Espa\u00f1ol) Paco Gim\u00e9nez","article_modified_time":"2020-04-30T10:32:00+00:00","twitter_misc":{"Est. reading time":"8 minutes"},"schema":{"@context":"https:\/\/schema.org","@graph":[{"@type":"WebPage","@id":"https:\/\/www.pacogimenez.com\/curriculum\/","url":"https:\/\/www.pacogimenez.com\/curriculum\/","name":"Curriculum","isPartOf":{"@id":"https:\/\/www.pacogimenez.com\/#website"},"datePublished":"2013-12-04T13:07:40+00:00","dateModified":"2020-04-30T10:32:00+00:00","description":"Curriculum de Paco Gim\u00e9nez, ilustraci\u00f3n y dise\u00f1o","inLanguage":"en-US","potentialAction":[{"@type":"ReadAction","target":["https:\/\/www.pacogimenez.com\/curriculum\/"]}]},{"@type":"WebSite","@id":"https:\/\/www.pacogimenez.com\/#website","url":"https:\/\/www.pacogimenez.com\/","name":"(Espa\u00f1ol) Paco Gim\u00e9nez","description":"(Espa\u00f1ol) Paco Gim\u00e9nez","potentialAction":[{"@type":"SearchAction","target":{"@type":"EntryPoint","urlTemplate":"https:\/\/www.pacogimenez.com\/?s={search_term_string}"},"query-input":{"@type":"PropertyValueSpecification","valueRequired":true,"valueName":"search_term_string"}}],"inLanguage":"en-US"}]}},"_links":{"self":[{"href":"https:\/\/www.pacogimenez.com\/en\/wp-json\/wp\/v2\/pages\/225","targetHints":{"allow":["GET"]}}],"collection":[{"href":"https:\/\/www.pacogimenez.com\/en\/wp-json\/wp\/v2\/pages"}],"about":[{"href":"https:\/\/www.pacogimenez.com\/en\/wp-json\/wp\/v2\/types\/page"}],"author":[{"embeddable":true,"href":"https:\/\/www.pacogimenez.com\/en\/wp-json\/wp\/v2\/users\/1"}],"replies":[{"embeddable":true,"href":"https:\/\/www.pacogimenez.com\/en\/wp-json\/wp\/v2\/comments?post=225"}],"version-history":[{"count":51,"href":"https:\/\/www.pacogimenez.com\/en\/wp-json\/wp\/v2\/pages\/225\/revisions"}],"predecessor-version":[{"id":4399,"href":"https:\/\/www.pacogimenez.com\/en\/wp-json\/wp\/v2\/pages\/225\/revisions\/4399"}],"wp:attachment":[{"href":"https:\/\/www.pacogimenez.com\/en\/wp-json\/wp\/v2\/media?parent=225"}],"curies":[{"name":"wp","href":"https:\/\/api.w.org\/{rel}","templated":true}]}}