{"id":223,"date":"2013-12-04T19:06:16","date_gmt":"2013-12-04T13:06:16","guid":{"rendered":"http:\/\/www.pacogimenez.com\/?page_id=223"},"modified":"2014-09-22T18:12:06","modified_gmt":"2014-09-22T12:12:06","slug":"entrevista","status":"publish","type":"page","link":"https:\/\/www.pacogimenez.com\/en\/entrevista\/","title":{"rendered":"Interview"},"content":{"rendered":"<p>Entrevista editada por la AEPV para el portal web &#8216;Valencian Books&#8217;, dentro de su Programa de Presencia Internacional del Llibro Valenciano.<br \/>\nPeriodista Juli Esteve, producci\u00f3n Info TV. \u00a9 Associaci\u00f3 d&#8217;Editors del Pa\u00eds Valenci\u00e0 (AEPV). Val\u00e8ncia, 2010.<br \/>\n&nbsp;<\/p>\n<p><iframe loading=\"lazy\" src=\"\/\/player.vimeo.com\/video\/10895524\" height=\"480\" width=\"640\" allowfullscreen=\"\" frameborder=\"0\"><\/iframe><br \/>\n<\/p>","protected":false},"excerpt":{"rendered":"<p>Entrevista editada por la AEPV para el portal web &#8216;Valencian Books&#8217;, dentro de su Programa de Presencia Internacional del Llibro Valenciano. Periodista Juli Esteve, producci\u00f3n Info TV. \u00a9 Associaci\u00f3 d&#8217;Editors del Pa\u00eds Valenci\u00e0 (AEPV). Val\u00e8ncia, 2010. &nbsp;<\/p>\n","protected":false},"author":1,"featured_media":0,"parent":0,"menu_order":0,"comment_status":"closed","ping_status":"closed","template":"","meta":{"_monsterinsights_skip_tracking":false,"_monsterinsights_sitenote_active":false,"_monsterinsights_sitenote_note":"","_monsterinsights_sitenote_category":0,"footnotes":""},"class_list":["post-223","page","type-page","status-publish","hentry"],"yoast_head":"<!-- This site is optimized with the Yoast SEO plugin v27.2 - https:\/\/yoast.com\/product\/yoast-seo-wordpress\/ -->\n<title>Interview<\/title>\n<meta name=\"description\" content=\"Entrevista realizada a Paco Gim\u00e9nez por la Associaci\u00f3 d&#039;Editors del Pa\u00eds Valenci\u00e0\" \/>\n<meta name=\"robots\" content=\"index, follow, max-snippet:-1, max-image-preview:large, max-video-preview:-1\" \/>\n<link rel=\"canonical\" href=\"https:\/\/www.pacogimenez.com\/entrevista\/\" \/>\n<meta property=\"og:locale\" content=\"en_US\" \/>\n<meta property=\"og:type\" content=\"article\" \/>\n<meta property=\"og:title\" content=\"Interview\" \/>\n<meta property=\"og:description\" content=\"Entrevista realizada a Paco Gim\u00e9nez por la Associaci\u00f3 d&#039;Editors del Pa\u00eds Valenci\u00e0\" \/>\n<meta property=\"og:url\" content=\"https:\/\/www.pacogimenez.com\/entrevista\/\" \/>\n<meta property=\"og:site_name\" content=\"(Espa\u00f1ol) Paco Gim\u00e9nez\" \/>\n<meta property=\"article:modified_time\" content=\"2014-09-22T12:12:06+00:00\" \/>\n<meta name=\"twitter:label1\" content=\"Est. reading time\" \/>\n\t<meta name=\"twitter:data1\" content=\"1 minute\" \/>\n<script type=\"application\/ld+json\" class=\"yoast-schema-graph\">{\"@context\":\"https:\/\/schema.org\",\"@graph\":[{\"@type\":\"WebPage\",\"@id\":\"https:\/\/www.pacogimenez.com\/entrevista\/\",\"url\":\"https:\/\/www.pacogimenez.com\/entrevista\/\",\"name\":\"Interview\",\"isPartOf\":{\"@id\":\"https:\/\/www.pacogimenez.com\/#website\"},\"datePublished\":\"2013-12-04T13:06:16+00:00\",\"dateModified\":\"2014-09-22T12:12:06+00:00\",\"description\":\"Entrevista realizada a Paco Gim\u00e9nez por la Associaci\u00f3 d'Editors del Pa\u00eds Valenci\u00e0\",\"inLanguage\":\"en-US\",\"potentialAction\":[{\"@type\":\"ReadAction\",\"target\":[\"https:\/\/www.pacogimenez.com\/entrevista\/\"]}]},{\"@type\":\"WebSite\",\"@id\":\"https:\/\/www.pacogimenez.com\/#website\",\"url\":\"https:\/\/www.pacogimenez.com\/\",\"name\":\"(Espa\u00f1ol) Paco Gim\u00e9nez\",\"description\":\"(Espa\u00f1ol) Paco Gim\u00e9nez\",\"potentialAction\":[{\"@type\":\"SearchAction\",\"target\":{\"@type\":\"EntryPoint\",\"urlTemplate\":\"https:\/\/www.pacogimenez.com\/?s={search_term_string}\"},\"query-input\":{\"@type\":\"PropertyValueSpecification\",\"valueRequired\":true,\"valueName\":\"search_term_string\"}}],\"inLanguage\":\"en-US\"}]}<\/script>\n<!-- \/ Yoast SEO plugin. -->","yoast_head_json":{"title":"Interview","description":"Entrevista realizada a Paco Gim\u00e9nez por la Associaci\u00f3 d'Editors del Pa\u00eds Valenci\u00e0","robots":{"index":"index","follow":"follow","max-snippet":"max-snippet:-1","max-image-preview":"max-image-preview:large","max-video-preview":"max-video-preview:-1"},"canonical":"https:\/\/www.pacogimenez.com\/entrevista\/","og_locale":"en_US","og_type":"article","og_title":"Interview","og_description":"Entrevista realizada a Paco Gim\u00e9nez por la Associaci\u00f3 d'Editors del Pa\u00eds Valenci\u00e0","og_url":"https:\/\/www.pacogimenez.com\/entrevista\/","og_site_name":"(Espa\u00f1ol) Paco Gim\u00e9nez","article_modified_time":"2014-09-22T12:12:06+00:00","twitter_misc":{"Est. reading time":"1 minute"},"schema":{"@context":"https:\/\/schema.org","@graph":[{"@type":"WebPage","@id":"https:\/\/www.pacogimenez.com\/entrevista\/","url":"https:\/\/www.pacogimenez.com\/entrevista\/","name":"Interview","isPartOf":{"@id":"https:\/\/www.pacogimenez.com\/#website"},"datePublished":"2013-12-04T13:06:16+00:00","dateModified":"2014-09-22T12:12:06+00:00","description":"Entrevista realizada a Paco Gim\u00e9nez por la Associaci\u00f3 d'Editors del Pa\u00eds Valenci\u00e0","inLanguage":"en-US","potentialAction":[{"@type":"ReadAction","target":["https:\/\/www.pacogimenez.com\/entrevista\/"]}]},{"@type":"WebSite","@id":"https:\/\/www.pacogimenez.com\/#website","url":"https:\/\/www.pacogimenez.com\/","name":"(Espa\u00f1ol) Paco Gim\u00e9nez","description":"(Espa\u00f1ol) Paco Gim\u00e9nez","potentialAction":[{"@type":"SearchAction","target":{"@type":"EntryPoint","urlTemplate":"https:\/\/www.pacogimenez.com\/?s={search_term_string}"},"query-input":{"@type":"PropertyValueSpecification","valueRequired":true,"valueName":"search_term_string"}}],"inLanguage":"en-US"}]}},"_links":{"self":[{"href":"https:\/\/www.pacogimenez.com\/en\/wp-json\/wp\/v2\/pages\/223","targetHints":{"allow":["GET"]}}],"collection":[{"href":"https:\/\/www.pacogimenez.com\/en\/wp-json\/wp\/v2\/pages"}],"about":[{"href":"https:\/\/www.pacogimenez.com\/en\/wp-json\/wp\/v2\/types\/page"}],"author":[{"embeddable":true,"href":"https:\/\/www.pacogimenez.com\/en\/wp-json\/wp\/v2\/users\/1"}],"replies":[{"embeddable":true,"href":"https:\/\/www.pacogimenez.com\/en\/wp-json\/wp\/v2\/comments?post=223"}],"version-history":[{"count":28,"href":"https:\/\/www.pacogimenez.com\/en\/wp-json\/wp\/v2\/pages\/223\/revisions"}],"predecessor-version":[{"id":256,"href":"https:\/\/www.pacogimenez.com\/en\/wp-json\/wp\/v2\/pages\/223\/revisions\/256"}],"wp:attachment":[{"href":"https:\/\/www.pacogimenez.com\/en\/wp-json\/wp\/v2\/media?parent=223"}],"curies":[{"name":"wp","href":"https:\/\/api.w.org\/{rel}","templated":true}]}}