{"id":211,"date":"2013-12-04T18:41:52","date_gmt":"2013-12-04T12:41:52","guid":{"rendered":"http:\/\/www.pacogimenez.com\/?page_id=211"},"modified":"2014-09-24T16:17:15","modified_gmt":"2014-09-24T10:17:15","slug":"el-domador-de-lineas","status":"publish","type":"page","link":"https:\/\/www.pacogimenez.com\/en\/el-domador-de-lineas\/","title":{"rendered":"The tamer of lines"},"content":{"rendered":"<p><\/p>\n<h5>By Teresa Duran (From the book of the same title. Perif\u00e8ric editions, 2008)<\/h5>\n<p>Paco is a man of short stature and sparse word.<br \/>\nPaco is a loyal friend, shy, generous and humble.<br \/>\nPaco works silently in the heart of a bustling and shooter of firecrackers Valencia.<br \/>\nBut what does he do? Ah! That is what is unique about Paco!<br \/>\nPaco is a tamer of lines.<br \/>\nThat work requires lots of patience and lots of concentration. Sometimes lots of time, too much\u2026<br \/>\nThat\u2019s because lines are hard to tame, they are harder to domesticate and even harder to catch on the flight.<br \/>\nLike a safari hunter does, Paco awaits a line to jump in the middle of the trap of the blank page. But not any line. It must be a wild line, with the claw of a tiger and the heart of a lion. He does not care about the wishy-washy type lines. He doesn&#8217;t even look at them when flitting around.<br \/>\nAfter a time, usually long, and after a wait that can be maddening, bang! A savage and bestial line falls on the page. It has to be caught on the fly, it has to be cornered at an angle and it has to be shown just with one\u2019s gaze that it has no escape. Line shakes, bristles, rears up, tenses, and it is then, just then, when the tamer of lines waves his pen whip and tame it, showing the exact, precise, location, that the beast has to occupy in the composition.<br \/>\nAnd back on waiting.<br \/>\nAnother line jumps, tenses, and bang! It stays there, nailed, expectant, at tamer orders, who with himself and with all the lines leading cornered, can ride a circus where to display a mulatto girls with outright buttocks as moons, horses with unruly mane, girls showing their belly buttons, warriors from other epic, labyrinthine cities, daunted monsters, fireworks\u2026<br \/>\nImpossible not to clap to his show.<br \/>\nImpossible not to claim for more, not to require an encore.<br \/>\nHe has performed his work so cleanly, with such neatness in the scenography and in the attrezzo, the lighting has been so precise, the choreography has been so accurate the viewer remains stunned by such spectacle.<br \/>\nCertainly is not of those that are seen every day.<br \/>\nEven the beasts of his lines seem to be happy with their new state. By being tamed, they have lost their freedom, but not their poise, their wildness, their arrogance. The best thing is that, by taming them, Paco\u2019s circus has not ridiculed them.<br \/>\nBecause Paco is generous with them, he\u2019s kind, he does not require from them more than they can give in an extreme situation.<br \/>\nAnd they know it. They tense and they bow; they rear up; they resist the restraint imposed on them, but suffer it reluctantly. They jump, they even seem to float in the air, and then, bang! Again the crack of the whip, once again the cage of the scanner, the brushing of colour, the prison of the book, the tedious waiting looking for the reader\u2026<br \/>\nPaco is used to expect.<br \/>\nIf you are not, please come and see.<\/p>\n<h5><span style=\"color: #808080;\">Version of the text <em>Paco Gimenez<\/em>, <em>tamer of traces<\/em> published in &#8216;Lazarillo&#8217; No. 12, journal of the Spanish Association of Friends of Children and Youth Book-OEPLI, Madrid 2004.<\/span><\/h5>\n<p><\/p>","protected":false},"excerpt":{"rendered":"<p>By Teresa Duran (From the book of the same title. Perif\u00e8ric editions, 2008) Paco is a man of short stature and sparse word. Paco is a loyal friend, shy, generous and humble. Paco works silently in the heart of a bustling and shooter of firecrackers Valencia. But what does he do? Ah! That is what&#8230;<\/p>\n","protected":false},"author":1,"featured_media":0,"parent":0,"menu_order":0,"comment_status":"closed","ping_status":"closed","template":"","meta":{"_monsterinsights_skip_tracking":false,"_monsterinsights_sitenote_active":false,"_monsterinsights_sitenote_note":"","_monsterinsights_sitenote_category":0,"footnotes":""},"class_list":["post-211","page","type-page","status-publish","hentry"],"yoast_head":"<!-- This site is optimized with the Yoast SEO plugin v27.2 - https:\/\/yoast.com\/product\/yoast-seo-wordpress\/ -->\n<title>The tamer of lines<\/title>\n<meta name=\"description\" content=\"El domador de l\u00edneas es un texto de Teresa Duran sobre el trabajo de Paco Gim\u00e9nez\" \/>\n<meta name=\"robots\" content=\"index, follow, max-snippet:-1, max-image-preview:large, max-video-preview:-1\" \/>\n<link rel=\"canonical\" href=\"https:\/\/www.pacogimenez.com\/el-domador-de-lineas\/\" \/>\n<meta property=\"og:locale\" content=\"en_US\" \/>\n<meta property=\"og:type\" content=\"article\" \/>\n<meta property=\"og:title\" content=\"The tamer of lines\" \/>\n<meta property=\"og:description\" content=\"El domador de l\u00edneas es un texto de Teresa Duran sobre el trabajo de Paco Gim\u00e9nez\" \/>\n<meta property=\"og:url\" content=\"https:\/\/www.pacogimenez.com\/el-domador-de-lineas\/\" \/>\n<meta property=\"og:site_name\" content=\"(Espa\u00f1ol) Paco Gim\u00e9nez\" \/>\n<meta property=\"article:modified_time\" content=\"2014-09-24T10:17:15+00:00\" \/>\n<meta name=\"twitter:label1\" content=\"Est. reading time\" \/>\n\t<meta name=\"twitter:data1\" content=\"8 minutes\" \/>\n<script type=\"application\/ld+json\" class=\"yoast-schema-graph\">{\"@context\":\"https:\/\/schema.org\",\"@graph\":[{\"@type\":\"WebPage\",\"@id\":\"https:\/\/www.pacogimenez.com\/el-domador-de-lineas\/\",\"url\":\"https:\/\/www.pacogimenez.com\/el-domador-de-lineas\/\",\"name\":\"The tamer of lines\",\"isPartOf\":{\"@id\":\"https:\/\/www.pacogimenez.com\/#website\"},\"datePublished\":\"2013-12-04T12:41:52+00:00\",\"dateModified\":\"2014-09-24T10:17:15+00:00\",\"description\":\"El domador de l\u00edneas es un texto de Teresa Duran sobre el trabajo de Paco Gim\u00e9nez\",\"inLanguage\":\"en-US\",\"potentialAction\":[{\"@type\":\"ReadAction\",\"target\":[\"https:\/\/www.pacogimenez.com\/el-domador-de-lineas\/\"]}]},{\"@type\":\"WebSite\",\"@id\":\"https:\/\/www.pacogimenez.com\/#website\",\"url\":\"https:\/\/www.pacogimenez.com\/\",\"name\":\"(Espa\u00f1ol) Paco Gim\u00e9nez\",\"description\":\"(Espa\u00f1ol) Paco Gim\u00e9nez\",\"potentialAction\":[{\"@type\":\"SearchAction\",\"target\":{\"@type\":\"EntryPoint\",\"urlTemplate\":\"https:\/\/www.pacogimenez.com\/?s={search_term_string}\"},\"query-input\":{\"@type\":\"PropertyValueSpecification\",\"valueRequired\":true,\"valueName\":\"search_term_string\"}}],\"inLanguage\":\"en-US\"}]}<\/script>\n<!-- \/ Yoast SEO plugin. -->","yoast_head_json":{"title":"The tamer of lines","description":"El domador de l\u00edneas es un texto de Teresa Duran sobre el trabajo de Paco Gim\u00e9nez","robots":{"index":"index","follow":"follow","max-snippet":"max-snippet:-1","max-image-preview":"max-image-preview:large","max-video-preview":"max-video-preview:-1"},"canonical":"https:\/\/www.pacogimenez.com\/el-domador-de-lineas\/","og_locale":"en_US","og_type":"article","og_title":"The tamer of lines","og_description":"El domador de l\u00edneas es un texto de Teresa Duran sobre el trabajo de Paco Gim\u00e9nez","og_url":"https:\/\/www.pacogimenez.com\/el-domador-de-lineas\/","og_site_name":"(Espa\u00f1ol) Paco Gim\u00e9nez","article_modified_time":"2014-09-24T10:17:15+00:00","twitter_misc":{"Est. reading time":"8 minutes"},"schema":{"@context":"https:\/\/schema.org","@graph":[{"@type":"WebPage","@id":"https:\/\/www.pacogimenez.com\/el-domador-de-lineas\/","url":"https:\/\/www.pacogimenez.com\/el-domador-de-lineas\/","name":"The tamer of lines","isPartOf":{"@id":"https:\/\/www.pacogimenez.com\/#website"},"datePublished":"2013-12-04T12:41:52+00:00","dateModified":"2014-09-24T10:17:15+00:00","description":"El domador de l\u00edneas es un texto de Teresa Duran sobre el trabajo de Paco Gim\u00e9nez","inLanguage":"en-US","potentialAction":[{"@type":"ReadAction","target":["https:\/\/www.pacogimenez.com\/el-domador-de-lineas\/"]}]},{"@type":"WebSite","@id":"https:\/\/www.pacogimenez.com\/#website","url":"https:\/\/www.pacogimenez.com\/","name":"(Espa\u00f1ol) Paco Gim\u00e9nez","description":"(Espa\u00f1ol) Paco Gim\u00e9nez","potentialAction":[{"@type":"SearchAction","target":{"@type":"EntryPoint","urlTemplate":"https:\/\/www.pacogimenez.com\/?s={search_term_string}"},"query-input":{"@type":"PropertyValueSpecification","valueRequired":true,"valueName":"search_term_string"}}],"inLanguage":"en-US"}]}},"_links":{"self":[{"href":"https:\/\/www.pacogimenez.com\/en\/wp-json\/wp\/v2\/pages\/211","targetHints":{"allow":["GET"]}}],"collection":[{"href":"https:\/\/www.pacogimenez.com\/en\/wp-json\/wp\/v2\/pages"}],"about":[{"href":"https:\/\/www.pacogimenez.com\/en\/wp-json\/wp\/v2\/types\/page"}],"author":[{"embeddable":true,"href":"https:\/\/www.pacogimenez.com\/en\/wp-json\/wp\/v2\/users\/1"}],"replies":[{"embeddable":true,"href":"https:\/\/www.pacogimenez.com\/en\/wp-json\/wp\/v2\/comments?post=211"}],"version-history":[{"count":23,"href":"https:\/\/www.pacogimenez.com\/en\/wp-json\/wp\/v2\/pages\/211\/revisions"}],"predecessor-version":[{"id":3459,"href":"https:\/\/www.pacogimenez.com\/en\/wp-json\/wp\/v2\/pages\/211\/revisions\/3459"}],"wp:attachment":[{"href":"https:\/\/www.pacogimenez.com\/en\/wp-json\/wp\/v2\/media?parent=211"}],"curies":[{"name":"wp","href":"https:\/\/api.w.org\/{rel}","templated":true}]}}