{"id":9,"date":"2013-06-11T11:32:53","date_gmt":"2013-06-11T11:32:53","guid":{"rendered":"http:\/\/www.pacogimenez.com\/?page_id=9"},"modified":"2014-09-17T14:39:00","modified_gmt":"2014-09-17T08:39:00","slug":"inicio","status":"publish","type":"page","link":"https:\/\/www.pacogimenez.com\/ca\/","title":{"rendered":"Inici"},"content":{"rendered":"<p><img loading=\"lazy\" decoding=\"async\" class=\"alignnone size-full wp-image-428\" alt=\"logo-paco-gimenez3\" src=\"http:\/\/www.pacogimenez.com\/wp-content\/uploads\/Animacion-domador.gif\" width=\"842\" height=\"681\" \/><\/p>","protected":false},"excerpt":{"rendered":"","protected":false},"author":1,"featured_media":0,"parent":0,"menu_order":1,"comment_status":"closed","ping_status":"closed","template":"templates\/template-custom.php","meta":{"_monsterinsights_skip_tracking":false,"_monsterinsights_sitenote_active":false,"_monsterinsights_sitenote_note":"","_monsterinsights_sitenote_category":0,"footnotes":""},"class_list":["post-9","page","type-page","status-publish","hentry"],"yoast_head":"<!-- This site is optimized with the Yoast SEO plugin v27.2 - https:\/\/yoast.com\/product\/yoast-seo-wordpress\/ -->\n<title>Paco Gim\u00e9nez Ilustraci\u00f3n y dise\u00f1o<\/title>\n<meta name=\"description\" content=\"Paco Gim\u00e9nez &quot;Domador de l\u00edneas&quot;. Ilustraci\u00f3n y dise\u00f1o gr\u00e0fico: Libros, prensa, carteles, did\u00e1ctica, logos.\" \/>\n<meta name=\"robots\" content=\"index, follow, max-snippet:-1, max-image-preview:large, max-video-preview:-1\" \/>\n<link rel=\"canonical\" href=\"https:\/\/www.pacogimenez.com\/\" \/>\n<meta property=\"og:locale\" content=\"es_ES\" \/>\n<meta property=\"og:type\" content=\"article\" \/>\n<meta property=\"og:title\" content=\"Paco Gim\u00e9nez Ilustraci\u00f3n y dise\u00f1o\" \/>\n<meta property=\"og:description\" content=\"Paco Gim\u00e9nez &quot;Domador de l\u00edneas&quot;. Ilustraci\u00f3n y dise\u00f1o gr\u00e0fico: Libros, prensa, carteles, did\u00e1ctica, logos.\" \/>\n<meta property=\"og:url\" content=\"https:\/\/www.pacogimenez.com\/\" \/>\n<meta property=\"og:site_name\" content=\"(Espa\u00f1ol) Paco Gim\u00e9nez\" \/>\n<meta property=\"article:modified_time\" content=\"2014-09-17T08:39:00+00:00\" \/>\n<meta property=\"og:image\" content=\"http:\/\/www.pacogimenez.com\/wp-content\/uploads\/Animacion-domador.gif\" \/>\n<script type=\"application\/ld+json\" class=\"yoast-schema-graph\">{\"@context\":\"https:\/\/schema.org\",\"@graph\":[{\"@type\":\"WebPage\",\"@id\":\"https:\/\/www.pacogimenez.com\/\",\"url\":\"https:\/\/www.pacogimenez.com\/\",\"name\":\"Paco Gim\u00e9nez Ilustraci\u00f3n y dise\u00f1o\",\"isPartOf\":{\"@id\":\"https:\/\/www.pacogimenez.com\/#website\"},\"primaryImageOfPage\":{\"@id\":\"https:\/\/www.pacogimenez.com\/#primaryimage\"},\"image\":{\"@id\":\"https:\/\/www.pacogimenez.com\/#primaryimage\"},\"thumbnailUrl\":\"http:\/\/www.pacogimenez.com\/wp-content\/uploads\/Animacion-domador.gif\",\"datePublished\":\"2013-06-11T11:32:53+00:00\",\"dateModified\":\"2014-09-17T08:39:00+00:00\",\"description\":\"Paco Gim\u00e9nez \\\"Domador de l\u00edneas\\\". Ilustraci\u00f3n y dise\u00f1o gr\u00e0fico: Libros, prensa, carteles, did\u00e1ctica, logos.\",\"inLanguage\":\"es-CA\",\"potentialAction\":[{\"@type\":\"ReadAction\",\"target\":[\"https:\/\/www.pacogimenez.com\/\"]}]},{\"@type\":\"ImageObject\",\"inLanguage\":\"es-CA\",\"@id\":\"https:\/\/www.pacogimenez.com\/#primaryimage\",\"url\":\"http:\/\/www.pacogimenez.com\/wp-content\/uploads\/Animacion-domador.gif\",\"contentUrl\":\"http:\/\/www.pacogimenez.com\/wp-content\/uploads\/Animacion-domador.gif\"},{\"@type\":\"WebSite\",\"@id\":\"https:\/\/www.pacogimenez.com\/#website\",\"url\":\"https:\/\/www.pacogimenez.com\/\",\"name\":\"(Espa\u00f1ol) Paco Gim\u00e9nez\",\"description\":\"(Espa\u00f1ol) Paco Gim\u00e9nez\",\"potentialAction\":[{\"@type\":\"SearchAction\",\"target\":{\"@type\":\"EntryPoint\",\"urlTemplate\":\"https:\/\/www.pacogimenez.com\/?s={search_term_string}\"},\"query-input\":{\"@type\":\"PropertyValueSpecification\",\"valueRequired\":true,\"valueName\":\"search_term_string\"}}],\"inLanguage\":\"es-CA\"}]}<\/script>\n<!-- \/ Yoast SEO plugin. -->","yoast_head_json":{"title":"Paco Gim\u00e9nez Ilustraci\u00f3n y dise\u00f1o","description":"Paco Gim\u00e9nez \"Domador de l\u00edneas\". Ilustraci\u00f3n y dise\u00f1o gr\u00e0fico: Libros, prensa, carteles, did\u00e1ctica, logos.","robots":{"index":"index","follow":"follow","max-snippet":"max-snippet:-1","max-image-preview":"max-image-preview:large","max-video-preview":"max-video-preview:-1"},"canonical":"https:\/\/www.pacogimenez.com\/","og_locale":"es_ES","og_type":"article","og_title":"Paco Gim\u00e9nez Ilustraci\u00f3n y dise\u00f1o","og_description":"Paco Gim\u00e9nez \"Domador de l\u00edneas\". Ilustraci\u00f3n y dise\u00f1o gr\u00e0fico: Libros, prensa, carteles, did\u00e1ctica, logos.","og_url":"https:\/\/www.pacogimenez.com\/","og_site_name":"(Espa\u00f1ol) Paco Gim\u00e9nez","article_modified_time":"2014-09-17T08:39:00+00:00","og_image":[{"url":"http:\/\/www.pacogimenez.com\/wp-content\/uploads\/Animacion-domador.gif","type":"","width":"","height":""}],"schema":{"@context":"https:\/\/schema.org","@graph":[{"@type":"WebPage","@id":"https:\/\/www.pacogimenez.com\/","url":"https:\/\/www.pacogimenez.com\/","name":"Paco Gim\u00e9nez Ilustraci\u00f3n y dise\u00f1o","isPartOf":{"@id":"https:\/\/www.pacogimenez.com\/#website"},"primaryImageOfPage":{"@id":"https:\/\/www.pacogimenez.com\/#primaryimage"},"image":{"@id":"https:\/\/www.pacogimenez.com\/#primaryimage"},"thumbnailUrl":"http:\/\/www.pacogimenez.com\/wp-content\/uploads\/Animacion-domador.gif","datePublished":"2013-06-11T11:32:53+00:00","dateModified":"2014-09-17T08:39:00+00:00","description":"Paco Gim\u00e9nez \"Domador de l\u00edneas\". Ilustraci\u00f3n y dise\u00f1o gr\u00e0fico: Libros, prensa, carteles, did\u00e1ctica, logos.","inLanguage":"es-CA","potentialAction":[{"@type":"ReadAction","target":["https:\/\/www.pacogimenez.com\/"]}]},{"@type":"ImageObject","inLanguage":"es-CA","@id":"https:\/\/www.pacogimenez.com\/#primaryimage","url":"http:\/\/www.pacogimenez.com\/wp-content\/uploads\/Animacion-domador.gif","contentUrl":"http:\/\/www.pacogimenez.com\/wp-content\/uploads\/Animacion-domador.gif"},{"@type":"WebSite","@id":"https:\/\/www.pacogimenez.com\/#website","url":"https:\/\/www.pacogimenez.com\/","name":"(Espa\u00f1ol) Paco Gim\u00e9nez","description":"(Espa\u00f1ol) Paco Gim\u00e9nez","potentialAction":[{"@type":"SearchAction","target":{"@type":"EntryPoint","urlTemplate":"https:\/\/www.pacogimenez.com\/?s={search_term_string}"},"query-input":{"@type":"PropertyValueSpecification","valueRequired":true,"valueName":"search_term_string"}}],"inLanguage":"es-CA"}]}},"_links":{"self":[{"href":"https:\/\/www.pacogimenez.com\/ca\/wp-json\/wp\/v2\/pages\/9","targetHints":{"allow":["GET"]}}],"collection":[{"href":"https:\/\/www.pacogimenez.com\/ca\/wp-json\/wp\/v2\/pages"}],"about":[{"href":"https:\/\/www.pacogimenez.com\/ca\/wp-json\/wp\/v2\/types\/page"}],"author":[{"embeddable":true,"href":"https:\/\/www.pacogimenez.com\/ca\/wp-json\/wp\/v2\/users\/1"}],"replies":[{"embeddable":true,"href":"https:\/\/www.pacogimenez.com\/ca\/wp-json\/wp\/v2\/comments?post=9"}],"version-history":[{"count":28,"href":"https:\/\/www.pacogimenez.com\/ca\/wp-json\/wp\/v2\/pages\/9\/revisions"}],"predecessor-version":[{"id":2938,"href":"https:\/\/www.pacogimenez.com\/ca\/wp-json\/wp\/v2\/pages\/9\/revisions\/2938"}],"wp:attachment":[{"href":"https:\/\/www.pacogimenez.com\/ca\/wp-json\/wp\/v2\/media?parent=9"}],"curies":[{"name":"wp","href":"https:\/\/api.w.org\/{rel}","templated":true}]}}