{"id":301,"date":"2013-12-09T23:53:47","date_gmt":"2013-12-09T17:53:47","guid":{"rendered":"http:\/\/www.pacogimenez.com\/?page_id=301"},"modified":"2014-01-27T22:38:53","modified_gmt":"2014-01-27T16:38:53","slug":"contacto","status":"publish","type":"page","link":"https:\/\/www.pacogimenez.com\/ca\/contacto\/","title":{"rendered":"Contacte"},"content":{"rendered":"<p>Tel\u00e8fon: 963 781 111<br \/>\n<a href=\"mailto:info@pacogimenez.com\">info@pacogimenez.com<\/a><\/p>\n<p><img loading=\"lazy\" decoding=\"async\" class=\"alignnone  wp-image-884\" alt=\"contacto paco gimenez\" src=\"http:\/\/www.pacogimenez.com\/wp-content\/uploads\/logo-contacto1.jpg\" width=\"200\" height=\"173\" \/><\/p>","protected":false},"excerpt":{"rendered":"<p>Tel\u00e8fon: 963 781 111 info@pacogimenez.com<\/p>\n","protected":false},"author":1,"featured_media":0,"parent":0,"menu_order":0,"comment_status":"closed","ping_status":"closed","template":"","meta":{"_monsterinsights_skip_tracking":false,"_monsterinsights_sitenote_active":false,"_monsterinsights_sitenote_note":"","_monsterinsights_sitenote_category":0,"footnotes":""},"class_list":["post-301","page","type-page","status-publish","hentry"],"yoast_head":"<!-- This site is optimized with the Yoast SEO plugin v27.2 - https:\/\/yoast.com\/product\/yoast-seo-wordpress\/ -->\n<title>Contacte<\/title>\n<meta name=\"description\" content=\"P\u00e1gina de contacto de Paco Gim\u00e9nez, ilustraci\u00f3n y dise\u00f1o.\" \/>\n<meta name=\"robots\" content=\"index, follow, max-snippet:-1, max-image-preview:large, max-video-preview:-1\" \/>\n<link rel=\"canonical\" href=\"https:\/\/www.pacogimenez.com\/contacto\/\" \/>\n<meta property=\"og:locale\" content=\"es_ES\" \/>\n<meta property=\"og:type\" content=\"article\" \/>\n<meta property=\"og:title\" content=\"Contacte\" \/>\n<meta property=\"og:description\" content=\"P\u00e1gina de contacto de Paco Gim\u00e9nez, ilustraci\u00f3n y dise\u00f1o.\" \/>\n<meta property=\"og:url\" content=\"https:\/\/www.pacogimenez.com\/contacto\/\" \/>\n<meta property=\"og:site_name\" content=\"(Espa\u00f1ol) Paco Gim\u00e9nez\" \/>\n<meta property=\"article:modified_time\" content=\"2014-01-27T16:38:53+00:00\" \/>\n<meta property=\"og:image\" content=\"http:\/\/www.pacogimenez.com\/wp-content\/uploads\/logo-contacto1.jpg\" \/>\n<script type=\"application\/ld+json\" class=\"yoast-schema-graph\">{\"@context\":\"https:\/\/schema.org\",\"@graph\":[{\"@type\":\"WebPage\",\"@id\":\"https:\/\/www.pacogimenez.com\/contacto\/\",\"url\":\"https:\/\/www.pacogimenez.com\/contacto\/\",\"name\":\"Contacte\",\"isPartOf\":{\"@id\":\"https:\/\/www.pacogimenez.com\/#website\"},\"primaryImageOfPage\":{\"@id\":\"https:\/\/www.pacogimenez.com\/contacto\/#primaryimage\"},\"image\":{\"@id\":\"https:\/\/www.pacogimenez.com\/contacto\/#primaryimage\"},\"thumbnailUrl\":\"http:\/\/www.pacogimenez.com\/wp-content\/uploads\/logo-contacto1.jpg\",\"datePublished\":\"2013-12-09T17:53:47+00:00\",\"dateModified\":\"2014-01-27T16:38:53+00:00\",\"description\":\"P\u00e1gina de contacto de Paco Gim\u00e9nez, ilustraci\u00f3n y dise\u00f1o.\",\"inLanguage\":\"es-CA\",\"potentialAction\":[{\"@type\":\"ReadAction\",\"target\":[\"https:\/\/www.pacogimenez.com\/contacto\/\"]}]},{\"@type\":\"ImageObject\",\"inLanguage\":\"es-CA\",\"@id\":\"https:\/\/www.pacogimenez.com\/contacto\/#primaryimage\",\"url\":\"http:\/\/www.pacogimenez.com\/wp-content\/uploads\/logo-contacto1.jpg\",\"contentUrl\":\"http:\/\/www.pacogimenez.com\/wp-content\/uploads\/logo-contacto1.jpg\"},{\"@type\":\"WebSite\",\"@id\":\"https:\/\/www.pacogimenez.com\/#website\",\"url\":\"https:\/\/www.pacogimenez.com\/\",\"name\":\"(Espa\u00f1ol) Paco Gim\u00e9nez\",\"description\":\"(Espa\u00f1ol) Paco Gim\u00e9nez\",\"potentialAction\":[{\"@type\":\"SearchAction\",\"target\":{\"@type\":\"EntryPoint\",\"urlTemplate\":\"https:\/\/www.pacogimenez.com\/?s={search_term_string}\"},\"query-input\":{\"@type\":\"PropertyValueSpecification\",\"valueRequired\":true,\"valueName\":\"search_term_string\"}}],\"inLanguage\":\"es-CA\"}]}<\/script>\n<!-- \/ Yoast SEO plugin. -->","yoast_head_json":{"title":"Contacte","description":"P\u00e1gina de contacto de Paco Gim\u00e9nez, ilustraci\u00f3n y dise\u00f1o.","robots":{"index":"index","follow":"follow","max-snippet":"max-snippet:-1","max-image-preview":"max-image-preview:large","max-video-preview":"max-video-preview:-1"},"canonical":"https:\/\/www.pacogimenez.com\/contacto\/","og_locale":"es_ES","og_type":"article","og_title":"Contacte","og_description":"P\u00e1gina de contacto de Paco Gim\u00e9nez, ilustraci\u00f3n y dise\u00f1o.","og_url":"https:\/\/www.pacogimenez.com\/contacto\/","og_site_name":"(Espa\u00f1ol) Paco Gim\u00e9nez","article_modified_time":"2014-01-27T16:38:53+00:00","og_image":[{"url":"http:\/\/www.pacogimenez.com\/wp-content\/uploads\/logo-contacto1.jpg","type":"","width":"","height":""}],"schema":{"@context":"https:\/\/schema.org","@graph":[{"@type":"WebPage","@id":"https:\/\/www.pacogimenez.com\/contacto\/","url":"https:\/\/www.pacogimenez.com\/contacto\/","name":"Contacte","isPartOf":{"@id":"https:\/\/www.pacogimenez.com\/#website"},"primaryImageOfPage":{"@id":"https:\/\/www.pacogimenez.com\/contacto\/#primaryimage"},"image":{"@id":"https:\/\/www.pacogimenez.com\/contacto\/#primaryimage"},"thumbnailUrl":"http:\/\/www.pacogimenez.com\/wp-content\/uploads\/logo-contacto1.jpg","datePublished":"2013-12-09T17:53:47+00:00","dateModified":"2014-01-27T16:38:53+00:00","description":"P\u00e1gina de contacto de Paco Gim\u00e9nez, ilustraci\u00f3n y dise\u00f1o.","inLanguage":"es-CA","potentialAction":[{"@type":"ReadAction","target":["https:\/\/www.pacogimenez.com\/contacto\/"]}]},{"@type":"ImageObject","inLanguage":"es-CA","@id":"https:\/\/www.pacogimenez.com\/contacto\/#primaryimage","url":"http:\/\/www.pacogimenez.com\/wp-content\/uploads\/logo-contacto1.jpg","contentUrl":"http:\/\/www.pacogimenez.com\/wp-content\/uploads\/logo-contacto1.jpg"},{"@type":"WebSite","@id":"https:\/\/www.pacogimenez.com\/#website","url":"https:\/\/www.pacogimenez.com\/","name":"(Espa\u00f1ol) Paco Gim\u00e9nez","description":"(Espa\u00f1ol) Paco Gim\u00e9nez","potentialAction":[{"@type":"SearchAction","target":{"@type":"EntryPoint","urlTemplate":"https:\/\/www.pacogimenez.com\/?s={search_term_string}"},"query-input":{"@type":"PropertyValueSpecification","valueRequired":true,"valueName":"search_term_string"}}],"inLanguage":"es-CA"}]}},"_links":{"self":[{"href":"https:\/\/www.pacogimenez.com\/ca\/wp-json\/wp\/v2\/pages\/301","targetHints":{"allow":["GET"]}}],"collection":[{"href":"https:\/\/www.pacogimenez.com\/ca\/wp-json\/wp\/v2\/pages"}],"about":[{"href":"https:\/\/www.pacogimenez.com\/ca\/wp-json\/wp\/v2\/types\/page"}],"author":[{"embeddable":true,"href":"https:\/\/www.pacogimenez.com\/ca\/wp-json\/wp\/v2\/users\/1"}],"replies":[{"embeddable":true,"href":"https:\/\/www.pacogimenez.com\/ca\/wp-json\/wp\/v2\/comments?post=301"}],"version-history":[{"count":17,"href":"https:\/\/www.pacogimenez.com\/ca\/wp-json\/wp\/v2\/pages\/301\/revisions"}],"predecessor-version":[{"id":305,"href":"https:\/\/www.pacogimenez.com\/ca\/wp-json\/wp\/v2\/pages\/301\/revisions\/305"}],"wp:attachment":[{"href":"https:\/\/www.pacogimenez.com\/ca\/wp-json\/wp\/v2\/media?parent=301"}],"curies":[{"name":"wp","href":"https:\/\/api.w.org\/{rel}","templated":true}]}}