{"id":269,"date":"2013-12-05T01:09:09","date_gmt":"2013-12-04T19:09:09","guid":{"rendered":"http:\/\/www.pacogimenez.com\/?page_id=269"},"modified":"2014-01-27T22:40:58","modified_gmt":"2014-01-27T16:40:58","slug":"diseno","status":"publish","type":"page","link":"https:\/\/www.pacogimenez.com\/ca\/diseno\/","title":{"rendered":"Disseny"},"content":{"rendered":"","protected":false},"excerpt":{"rendered":"","protected":false},"author":1,"featured_media":0,"parent":0,"menu_order":0,"comment_status":"closed","ping_status":"closed","template":"","meta":{"_monsterinsights_skip_tracking":false,"_monsterinsights_sitenote_active":false,"_monsterinsights_sitenote_note":"","_monsterinsights_sitenote_category":0,"footnotes":""},"class_list":["post-269","page","type-page","status-publish","hentry"],"yoast_head":"<!-- This site is optimized with the Yoast SEO plugin v27.2 - https:\/\/yoast.com\/product\/yoast-seo-wordpress\/ -->\n<title>Disseny<\/title>\n<meta name=\"description\" content=\"Dise\u00f1os de logotipos, carteles, libros y colecciones por Paco Gim\u00e9nez\" \/>\n<meta name=\"robots\" content=\"index, follow, max-snippet:-1, max-image-preview:large, max-video-preview:-1\" \/>\n<link rel=\"canonical\" href=\"https:\/\/www.pacogimenez.com\/diseno\/\" \/>\n<meta property=\"og:locale\" content=\"es_ES\" \/>\n<meta property=\"og:type\" content=\"article\" \/>\n<meta property=\"og:title\" content=\"Disseny\" \/>\n<meta property=\"og:description\" content=\"Dise\u00f1os de logotipos, carteles, libros y colecciones por Paco Gim\u00e9nez\" \/>\n<meta property=\"og:url\" content=\"https:\/\/www.pacogimenez.com\/diseno\/\" \/>\n<meta property=\"og:site_name\" content=\"(Espa\u00f1ol) Paco Gim\u00e9nez\" \/>\n<meta property=\"article:modified_time\" content=\"2014-01-27T16:40:58+00:00\" \/>\n<script type=\"application\/ld+json\" class=\"yoast-schema-graph\">{\"@context\":\"https:\/\/schema.org\",\"@graph\":[{\"@type\":\"WebPage\",\"@id\":\"https:\/\/www.pacogimenez.com\/diseno\/\",\"url\":\"https:\/\/www.pacogimenez.com\/diseno\/\",\"name\":\"Disseny\",\"isPartOf\":{\"@id\":\"https:\/\/www.pacogimenez.com\/#website\"},\"datePublished\":\"2013-12-04T19:09:09+00:00\",\"dateModified\":\"2014-01-27T16:40:58+00:00\",\"description\":\"Dise\u00f1os de logotipos, carteles, libros y colecciones por Paco Gim\u00e9nez\",\"inLanguage\":\"es-CA\",\"potentialAction\":[{\"@type\":\"ReadAction\",\"target\":[\"https:\/\/www.pacogimenez.com\/diseno\/\"]}]},{\"@type\":\"WebSite\",\"@id\":\"https:\/\/www.pacogimenez.com\/#website\",\"url\":\"https:\/\/www.pacogimenez.com\/\",\"name\":\"(Espa\u00f1ol) Paco Gim\u00e9nez\",\"description\":\"(Espa\u00f1ol) Paco Gim\u00e9nez\",\"potentialAction\":[{\"@type\":\"SearchAction\",\"target\":{\"@type\":\"EntryPoint\",\"urlTemplate\":\"https:\/\/www.pacogimenez.com\/?s={search_term_string}\"},\"query-input\":{\"@type\":\"PropertyValueSpecification\",\"valueRequired\":true,\"valueName\":\"search_term_string\"}}],\"inLanguage\":\"es-CA\"}]}<\/script>\n<!-- \/ Yoast SEO plugin. -->","yoast_head_json":{"title":"Disseny","description":"Dise\u00f1os de logotipos, carteles, libros y colecciones por Paco Gim\u00e9nez","robots":{"index":"index","follow":"follow","max-snippet":"max-snippet:-1","max-image-preview":"max-image-preview:large","max-video-preview":"max-video-preview:-1"},"canonical":"https:\/\/www.pacogimenez.com\/diseno\/","og_locale":"es_ES","og_type":"article","og_title":"Disseny","og_description":"Dise\u00f1os de logotipos, carteles, libros y colecciones por Paco Gim\u00e9nez","og_url":"https:\/\/www.pacogimenez.com\/diseno\/","og_site_name":"(Espa\u00f1ol) Paco Gim\u00e9nez","article_modified_time":"2014-01-27T16:40:58+00:00","schema":{"@context":"https:\/\/schema.org","@graph":[{"@type":"WebPage","@id":"https:\/\/www.pacogimenez.com\/diseno\/","url":"https:\/\/www.pacogimenez.com\/diseno\/","name":"Disseny","isPartOf":{"@id":"https:\/\/www.pacogimenez.com\/#website"},"datePublished":"2013-12-04T19:09:09+00:00","dateModified":"2014-01-27T16:40:58+00:00","description":"Dise\u00f1os de logotipos, carteles, libros y colecciones por Paco Gim\u00e9nez","inLanguage":"es-CA","potentialAction":[{"@type":"ReadAction","target":["https:\/\/www.pacogimenez.com\/diseno\/"]}]},{"@type":"WebSite","@id":"https:\/\/www.pacogimenez.com\/#website","url":"https:\/\/www.pacogimenez.com\/","name":"(Espa\u00f1ol) Paco Gim\u00e9nez","description":"(Espa\u00f1ol) Paco Gim\u00e9nez","potentialAction":[{"@type":"SearchAction","target":{"@type":"EntryPoint","urlTemplate":"https:\/\/www.pacogimenez.com\/?s={search_term_string}"},"query-input":{"@type":"PropertyValueSpecification","valueRequired":true,"valueName":"search_term_string"}}],"inLanguage":"es-CA"}]}},"_links":{"self":[{"href":"https:\/\/www.pacogimenez.com\/ca\/wp-json\/wp\/v2\/pages\/269","targetHints":{"allow":["GET"]}}],"collection":[{"href":"https:\/\/www.pacogimenez.com\/ca\/wp-json\/wp\/v2\/pages"}],"about":[{"href":"https:\/\/www.pacogimenez.com\/ca\/wp-json\/wp\/v2\/types\/page"}],"author":[{"embeddable":true,"href":"https:\/\/www.pacogimenez.com\/ca\/wp-json\/wp\/v2\/users\/1"}],"replies":[{"embeddable":true,"href":"https:\/\/www.pacogimenez.com\/ca\/wp-json\/wp\/v2\/comments?post=269"}],"version-history":[{"count":1,"href":"https:\/\/www.pacogimenez.com\/ca\/wp-json\/wp\/v2\/pages\/269\/revisions"}],"predecessor-version":[{"id":907,"href":"https:\/\/www.pacogimenez.com\/ca\/wp-json\/wp\/v2\/pages\/269\/revisions\/907"}],"wp:attachment":[{"href":"https:\/\/www.pacogimenez.com\/ca\/wp-json\/wp\/v2\/media?parent=269"}],"curies":[{"name":"wp","href":"https:\/\/api.w.org\/{rel}","templated":true}]}}