{"id":211,"date":"2013-12-04T18:41:52","date_gmt":"2013-12-04T12:41:52","guid":{"rendered":"http:\/\/www.pacogimenez.com\/?page_id=211"},"modified":"2014-09-24T16:17:15","modified_gmt":"2014-09-24T10:17:15","slug":"el-domador-de-lineas","status":"publish","type":"page","link":"https:\/\/www.pacogimenez.com\/ca\/el-domador-de-lineas\/","title":{"rendered":"El domador de l\u00ednies"},"content":{"rendered":"<p><\/p>\n<h5>Per Teresa Duran (del llibre del mateix t\u00edtol. Perif\u00e8ric edicions, 2008)<\/h5>\n<p>Paco \u00e9s home de talla curta i parca paraula.<br \/>\nPaco \u00e9s amic lleial, t\u00edmid, gener\u00f3s i humil.<br \/>\nPaco treballa silenci\u00f3s al cor d\u2019una Val\u00e8ncia bulliciosa i petardera.<br \/>\nI en qu\u00e8 treballa? Ah, aix\u00f2 \u00e9s el que fa que Paco siga \u00fanic!<br \/>\nPaco \u00e9s domador de l\u00ednies.<br \/>\n\u00c9s aquest un treball que requereix molta paci\u00e8ncia i concentraci\u00f3. De vegades molt de temps, massa&#8230;<br \/>\nI \u00e9s que les l\u00ednies s\u00f3n dif\u00edcils de domar. Molt m\u00e9s domesticar-les. I encara molt\u00edssim m\u00e9s aca\u00e7ar-les al vol.<br \/>\nCom un ca\u00e7ador de safaris. Paco espera que bote una l\u00ednia al mig de la trampa de la p\u00e0gina blanca. Per\u00f2 no una l\u00ednia qualsevol. Cal que siga una l\u00ednia salvatge, amb urpes de tigre i cor de lle\u00f3. Les l\u00ednies del tipus gata maula no li interessen gens ni mica. Ni tan sols es fixa en elles quan voletegen al seu entorn.<br \/>\nDespr\u00e9s d\u2019un temps, que sol ser llarg, i despr\u00e9s d\u2019una espera que pot ser desesperant, zas!, una l\u00ednia salvatge i bestial cau a la p\u00e0gina. Cal agafar-la al vol, acorralar-la en un cant\u00f3, fer-li entendre amb la mirada que no t\u00e9 escapat\u00f2ria. La l\u00ednia tremola, s\u2019eri\u00e7ona, s\u2019encabrita, es tiba, i \u00e9s aleshores, justament en eixe moment, quan el domador de l\u00ednies agita la tralla del seu plom\u00ed i la doma. I li mostra el lloc exacte, prec\u00eds, que la fera deu ocupar en la composici\u00f3.<br \/>\nI torna a comen\u00e7ar.<br \/>\nBota una altra l\u00ednia, es tiba, i zas! Ac\u00ed la tenim, clavada, expectant, a les ordres del domador que, amb ella i amb totes les que ja t\u00e9 acorralades, pot muntar un circ de mulates de natges rotundes com llunes, cavalls de crins bregades, xicones de melics espl\u00e8ndids, guerrers d\u2019altres \u00e8piques, ciutats laber\u00edntiques, monstres acoquinats, focs d\u2019artifici&#8230;<br \/>\nImpossible no aplaudir la seua funci\u00f3.<br \/>\nImpossible no demanar m\u00e9s, no reclamar un bis.<br \/>\nHa executat el seu treball d\u2019una manera tan neta, tan pulcrament en l\u2019escenografia i en l\u2019atrezzo, la luminot\u00e8cnia ha estat tan precisa, la coreografia tan exacta, que l\u2019espectador resta bocabadat davant l\u2019espectacle.<br \/>\nCertament, aquest no \u00e9s un espectacle dels qu\u00e8 es poden veure tots els dies.<br \/>\nFins i tot les feres de les seues l\u00ednies semblen contentes en el seu nou estat. En ser domades han perdut llibertat, per\u00f2 continuen amb la seua excel\u00b7l\u00e8ncia, ferotges, arrogants. El millor \u00e9s que, ensinistrant-les, el circ de Paco no les ridiculitza.<br \/>\nPerqu\u00e8 Paco \u00e9s gener\u00f3s amb elles, bondad\u00f3s, no els exigeix m\u00e9s del que poden donar en una situaci\u00f3 l\u00edmit.<br \/>\nI elles ho saben. Es tensen i es corben, s\u2019encabriten, salten, fins i tot semblen flotar en l\u2019aire, i de sobte, zas!, de nou l\u2019esclafit de la tralla, una altra vegada la g\u00e0bia de l\u2019esc\u00e0ner, el raspallat del color, la pres\u00f3 del llibre, la tediosa espera en busca de lector&#8230;<br \/>\nPaco est\u00e0 acostumat a esperar.<br \/>\nSi vost\u00e8s no, per favor, passen i contemplen.<\/p>\n<h5><span style=\"color: #808080;\">Versi\u00f3 del text <em>Paco Gim\u00e9nez, domador de trazos<\/em> publicat en &#8216;Lazarillo&#8217; n\u00ba 12, revista de la Asociaci\u00f3n Espa\u00f1ola de Amigos del Libro Infantil y Juvenil-OEPLI, Madrid 2004.<\/span><\/h5>\n<p><\/p>","protected":false},"excerpt":{"rendered":"<p>Per Teresa Duran (del llibre del mateix t\u00edtol. Perif\u00e8ric edicions, 2008) Paco \u00e9s home de talla curta i parca paraula. Paco \u00e9s amic lleial, t\u00edmid, gener\u00f3s i humil. Paco treballa silenci\u00f3s al cor d\u2019una Val\u00e8ncia bulliciosa i petardera. I en qu\u00e8 treballa? Ah, aix\u00f2 \u00e9s el que fa que Paco siga \u00fanic! Paco \u00e9s domador&#8230;<\/p>\n","protected":false},"author":1,"featured_media":0,"parent":0,"menu_order":0,"comment_status":"closed","ping_status":"closed","template":"","meta":{"_monsterinsights_skip_tracking":false,"_monsterinsights_sitenote_active":false,"_monsterinsights_sitenote_note":"","_monsterinsights_sitenote_category":0,"footnotes":""},"class_list":["post-211","page","type-page","status-publish","hentry"],"yoast_head":"<!-- This site is optimized with the Yoast SEO plugin v27.2 - https:\/\/yoast.com\/product\/yoast-seo-wordpress\/ -->\n<title>El domador de l\u00ednies<\/title>\n<meta name=\"description\" content=\"El domador de l\u00edneas es un texto de Teresa Duran sobre el trabajo de Paco Gim\u00e9nez\" \/>\n<meta name=\"robots\" content=\"index, follow, max-snippet:-1, max-image-preview:large, max-video-preview:-1\" \/>\n<link rel=\"canonical\" href=\"https:\/\/www.pacogimenez.com\/el-domador-de-lineas\/\" \/>\n<meta property=\"og:locale\" content=\"es_ES\" \/>\n<meta property=\"og:type\" content=\"article\" \/>\n<meta property=\"og:title\" content=\"El domador de l\u00ednies\" \/>\n<meta property=\"og:description\" content=\"El domador de l\u00edneas es un texto de Teresa Duran sobre el trabajo de Paco Gim\u00e9nez\" \/>\n<meta property=\"og:url\" content=\"https:\/\/www.pacogimenez.com\/el-domador-de-lineas\/\" \/>\n<meta property=\"og:site_name\" content=\"(Espa\u00f1ol) Paco Gim\u00e9nez\" \/>\n<meta property=\"article:modified_time\" content=\"2014-09-24T10:17:15+00:00\" \/>\n<meta name=\"twitter:label1\" content=\"Est. reading time\" \/>\n\t<meta name=\"twitter:data1\" content=\"8 minutes\" \/>\n<script type=\"application\/ld+json\" class=\"yoast-schema-graph\">{\"@context\":\"https:\/\/schema.org\",\"@graph\":[{\"@type\":\"WebPage\",\"@id\":\"https:\/\/www.pacogimenez.com\/el-domador-de-lineas\/\",\"url\":\"https:\/\/www.pacogimenez.com\/el-domador-de-lineas\/\",\"name\":\"El domador de l\u00ednies\",\"isPartOf\":{\"@id\":\"https:\/\/www.pacogimenez.com\/#website\"},\"datePublished\":\"2013-12-04T12:41:52+00:00\",\"dateModified\":\"2014-09-24T10:17:15+00:00\",\"description\":\"El domador de l\u00edneas es un texto de Teresa Duran sobre el trabajo de Paco Gim\u00e9nez\",\"inLanguage\":\"es-CA\",\"potentialAction\":[{\"@type\":\"ReadAction\",\"target\":[\"https:\/\/www.pacogimenez.com\/el-domador-de-lineas\/\"]}]},{\"@type\":\"WebSite\",\"@id\":\"https:\/\/www.pacogimenez.com\/#website\",\"url\":\"https:\/\/www.pacogimenez.com\/\",\"name\":\"(Espa\u00f1ol) Paco Gim\u00e9nez\",\"description\":\"(Espa\u00f1ol) Paco Gim\u00e9nez\",\"potentialAction\":[{\"@type\":\"SearchAction\",\"target\":{\"@type\":\"EntryPoint\",\"urlTemplate\":\"https:\/\/www.pacogimenez.com\/?s={search_term_string}\"},\"query-input\":{\"@type\":\"PropertyValueSpecification\",\"valueRequired\":true,\"valueName\":\"search_term_string\"}}],\"inLanguage\":\"es-CA\"}]}<\/script>\n<!-- \/ Yoast SEO plugin. -->","yoast_head_json":{"title":"El domador de l\u00ednies","description":"El domador de l\u00edneas es un texto de Teresa Duran sobre el trabajo de Paco Gim\u00e9nez","robots":{"index":"index","follow":"follow","max-snippet":"max-snippet:-1","max-image-preview":"max-image-preview:large","max-video-preview":"max-video-preview:-1"},"canonical":"https:\/\/www.pacogimenez.com\/el-domador-de-lineas\/","og_locale":"es_ES","og_type":"article","og_title":"El domador de l\u00ednies","og_description":"El domador de l\u00edneas es un texto de Teresa Duran sobre el trabajo de Paco Gim\u00e9nez","og_url":"https:\/\/www.pacogimenez.com\/el-domador-de-lineas\/","og_site_name":"(Espa\u00f1ol) Paco Gim\u00e9nez","article_modified_time":"2014-09-24T10:17:15+00:00","twitter_misc":{"Est. reading time":"8 minutes"},"schema":{"@context":"https:\/\/schema.org","@graph":[{"@type":"WebPage","@id":"https:\/\/www.pacogimenez.com\/el-domador-de-lineas\/","url":"https:\/\/www.pacogimenez.com\/el-domador-de-lineas\/","name":"El domador de l\u00ednies","isPartOf":{"@id":"https:\/\/www.pacogimenez.com\/#website"},"datePublished":"2013-12-04T12:41:52+00:00","dateModified":"2014-09-24T10:17:15+00:00","description":"El domador de l\u00edneas es un texto de Teresa Duran sobre el trabajo de Paco Gim\u00e9nez","inLanguage":"es-CA","potentialAction":[{"@type":"ReadAction","target":["https:\/\/www.pacogimenez.com\/el-domador-de-lineas\/"]}]},{"@type":"WebSite","@id":"https:\/\/www.pacogimenez.com\/#website","url":"https:\/\/www.pacogimenez.com\/","name":"(Espa\u00f1ol) Paco Gim\u00e9nez","description":"(Espa\u00f1ol) Paco Gim\u00e9nez","potentialAction":[{"@type":"SearchAction","target":{"@type":"EntryPoint","urlTemplate":"https:\/\/www.pacogimenez.com\/?s={search_term_string}"},"query-input":{"@type":"PropertyValueSpecification","valueRequired":true,"valueName":"search_term_string"}}],"inLanguage":"es-CA"}]}},"_links":{"self":[{"href":"https:\/\/www.pacogimenez.com\/ca\/wp-json\/wp\/v2\/pages\/211","targetHints":{"allow":["GET"]}}],"collection":[{"href":"https:\/\/www.pacogimenez.com\/ca\/wp-json\/wp\/v2\/pages"}],"about":[{"href":"https:\/\/www.pacogimenez.com\/ca\/wp-json\/wp\/v2\/types\/page"}],"author":[{"embeddable":true,"href":"https:\/\/www.pacogimenez.com\/ca\/wp-json\/wp\/v2\/users\/1"}],"replies":[{"embeddable":true,"href":"https:\/\/www.pacogimenez.com\/ca\/wp-json\/wp\/v2\/comments?post=211"}],"version-history":[{"count":23,"href":"https:\/\/www.pacogimenez.com\/ca\/wp-json\/wp\/v2\/pages\/211\/revisions"}],"predecessor-version":[{"id":3459,"href":"https:\/\/www.pacogimenez.com\/ca\/wp-json\/wp\/v2\/pages\/211\/revisions\/3459"}],"wp:attachment":[{"href":"https:\/\/www.pacogimenez.com\/ca\/wp-json\/wp\/v2\/media?parent=211"}],"curies":[{"name":"wp","href":"https:\/\/api.w.org\/{rel}","templated":true}]}}